{"id":766,"date":"2021-04-08T21:50:30","date_gmt":"2021-04-08T21:50:30","guid":{"rendered":"http:\/\/sancrisaccesorios.com.mx\/index.php\/product\/abulon-4\/"},"modified":"2022-10-04T01:20:09","modified_gmt":"2022-10-04T01:20:09","slug":"abulon-4","status":"publish","type":"product","link":"https:\/\/sancrisaccesorios.com.mx\/index.php\/product\/abulon-4\/","title":{"rendered":"Pulsera abul\u00f3n"},"content":{"rendered":"","protected":false},"excerpt":{"rendered":"<p>Pulsera de chapa de oro y concha de abul\u00f3n de 24 k ( 15 cm m\u00e1s 4.5 cm de cadena ajustable)<\/p>\n","protected":false},"featured_media":1213,"comment_status":"open","ping_status":"closed","template":"","meta":[],"product_brand":[],"product_cat":[21],"product_tag":[],"class_list":{"0":"post-766","1":"product","2":"type-product","3":"status-publish","4":"has-post-thumbnail","6":"product_cat-pulseras","7":"tm-has-options","9":"first","10":"instock","11":"shipping-taxable","12":"purchasable","13":"product-type-simple"},"_links":{"self":[{"href":"https:\/\/sancrisaccesorios.com.mx\/index.php\/wp-json\/wp\/v2\/product\/766","targetHints":{"allow":["GET"]}}],"collection":[{"href":"https:\/\/sancrisaccesorios.com.mx\/index.php\/wp-json\/wp\/v2\/product"}],"about":[{"href":"https:\/\/sancrisaccesorios.com.mx\/index.php\/wp-json\/wp\/v2\/types\/product"}],"replies":[{"embeddable":true,"href":"https:\/\/sancrisaccesorios.com.mx\/index.php\/wp-json\/wp\/v2\/comments?post=766"}],"wp:featuredmedia":[{"embeddable":true,"href":"https:\/\/sancrisaccesorios.com.mx\/index.php\/wp-json\/wp\/v2\/media\/1213"}],"wp:attachment":[{"href":"https:\/\/sancrisaccesorios.com.mx\/index.php\/wp-json\/wp\/v2\/media?parent=766"}],"wp:term":[{"taxonomy":"product_brand","embeddable":true,"href":"https:\/\/sancrisaccesorios.com.mx\/index.php\/wp-json\/wp\/v2\/product_brand?post=766"},{"taxonomy":"product_cat","embeddable":true,"href":"https:\/\/sancrisaccesorios.com.mx\/index.php\/wp-json\/wp\/v2\/product_cat?post=766"},{"taxonomy":"product_tag","embeddable":true,"href":"https:\/\/sancrisaccesorios.com.mx\/index.php\/wp-json\/wp\/v2\/product_tag?post=766"}],"curies":[{"name":"wp","href":"https:\/\/api.w.org\/{rel}","templated":true}]}}