{"id":15014,"date":"2026-03-12T22:00:24","date_gmt":"2026-03-12T22:00:24","guid":{"rendered":"https:\/\/sancrisaccesorios.com.mx\/?post_type=product&#038;p=15014"},"modified":"2026-04-14T22:17:24","modified_gmt":"2026-04-14T22:17:24","slug":"primer-curso-online-para-principiantes-18-de-abril","status":"publish","type":"product","link":"https:\/\/sancrisaccesorios.com.mx\/index.php\/product\/primer-curso-online-para-principiantes-18-de-abril\/","title":{"rendered":"curso online para principiantes 4 de julio"},"content":{"rendered":"<ul>\n<li>Duraci\u00f3n de 8 horas, donde aprender\u00e1s:<br \/>\nAsepsia<br \/>\nAntisepsia<br \/>\nEsterilizaci\u00f3n<br \/>\nMesa de trabajo<br \/>\nPerforaci\u00f3n h\u00e9lix, antihelix, tragus, l\u00f3bulo, daith, conch y nariz<\/li>\n<\/ul>\n<p>El CURSO INCLUYE:<br \/>\n\u2728Kit para iniciar a trabajar<br \/>\n\u2728Seguimiento<br \/>\n\u2728Descuento permanente del 50% en todos nuestros productos para que trabajes con nuestra mercanc\u00eda<\/p>\n<p>&nbsp;<\/p>\n<p>&nbsp;<\/p>\n<p>&nbsp;<\/p>\n<p>&nbsp;<\/p>\n","protected":false},"excerpt":{"rendered":"<p>Duraci\u00f3n de 8 horas, donde aprender\u00e1s: Asepsia Antisepsia Esterilizaci\u00f3n Mesa de trabajo Perforaci\u00f3n h\u00e9lix, antihelix, tragus, l\u00f3bulo, daith, conch y nariz El CURSO INCLUYE: \u2728Kit para iniciar a trabajar \u2728Seguimiento \u2728Descuento permanente del 50% en todos nuestros productos para que trabajes con nuestra mercanc\u00eda &nbsp; &nbsp; &nbsp; &nbsp;<\/p>\n","protected":false},"featured_media":15017,"comment_status":"open","ping_status":"closed","template":"","meta":[],"product_brand":[],"product_cat":[15],"product_tag":[],"class_list":{"0":"post-15014","1":"product","2":"type-product","3":"status-publish","4":"has-post-thumbnail","6":"product_cat-uncategorized","7":"tm-has-options","9":"first","10":"instock","11":"sale","12":"shipping-taxable","13":"purchasable","14":"product-type-variable"},"_links":{"self":[{"href":"https:\/\/sancrisaccesorios.com.mx\/index.php\/wp-json\/wp\/v2\/product\/15014","targetHints":{"allow":["GET"]}}],"collection":[{"href":"https:\/\/sancrisaccesorios.com.mx\/index.php\/wp-json\/wp\/v2\/product"}],"about":[{"href":"https:\/\/sancrisaccesorios.com.mx\/index.php\/wp-json\/wp\/v2\/types\/product"}],"replies":[{"embeddable":true,"href":"https:\/\/sancrisaccesorios.com.mx\/index.php\/wp-json\/wp\/v2\/comments?post=15014"}],"wp:featuredmedia":[{"embeddable":true,"href":"https:\/\/sancrisaccesorios.com.mx\/index.php\/wp-json\/wp\/v2\/media\/15017"}],"wp:attachment":[{"href":"https:\/\/sancrisaccesorios.com.mx\/index.php\/wp-json\/wp\/v2\/media?parent=15014"}],"wp:term":[{"taxonomy":"product_brand","embeddable":true,"href":"https:\/\/sancrisaccesorios.com.mx\/index.php\/wp-json\/wp\/v2\/product_brand?post=15014"},{"taxonomy":"product_cat","embeddable":true,"href":"https:\/\/sancrisaccesorios.com.mx\/index.php\/wp-json\/wp\/v2\/product_cat?post=15014"},{"taxonomy":"product_tag","embeddable":true,"href":"https:\/\/sancrisaccesorios.com.mx\/index.php\/wp-json\/wp\/v2\/product_tag?post=15014"}],"curies":[{"name":"wp","href":"https:\/\/api.w.org\/{rel}","templated":true}]}}