{"id":14949,"date":"2026-01-29T22:29:41","date_gmt":"2026-01-29T22:29:41","guid":{"rendered":"https:\/\/sancrisaccesorios.com.mx\/?post_type=product&#038;p=14949"},"modified":"2026-04-17T07:31:54","modified_gmt":"2026-04-17T07:31:54","slug":"curso-virtual-avanzado","status":"publish","type":"product","link":"https:\/\/sancrisaccesorios.com.mx\/index.php\/product\/curso-virtual-avanzado\/","title":{"rendered":"Curso virtual avanzado"},"content":{"rendered":"","protected":false},"excerpt":{"rendered":"<p>Este curso virtual aprender\u00e1s a perdorar pez\u00f3n y ombligo, est\u00e1 dise\u00f1ado para profesionales que ya cuentan con experiencia previa y han tomado un curso con nosotros, y desean ampliar sus conocimientos t\u00e9cnicos en perforaci\u00f3n de pez\u00f3n y ombligo.<\/p>\n<p>A lo largo del curso aprender\u00e1s los procedimientos correctos, criterios de seguridad y consideraciones clave para realizar estas perforaciones de manera responsable, precisa y profesional, fortaleciendo tu pr\u00e1ctica y tu confianza.<\/p>\n<p>\u00bfQu\u00e9 incluye este curso?<br \/>\n\t\u2022\tContenido especializado en perforaci\u00f3n de pez\u00f3n y ombligo<br \/>\n\t\u2022\tAcceso 100% virtual<br \/>\n\t\u2022\t2 meses de acceso al curso a partir de que recibes el link<br \/>\n\t\u2022\tPosibilidad de ver el contenido las veces que quieras durante ese periodo<\/p>\n<p>Informaci\u00f3n importante<br \/>\n\t\u2022\t\ud83d\udd12 Curso exclusivo para alumnos que ya tomaron un curso previo con nosotros<br \/>\n\t\u2022\t\ud83d\udcc5 Fecha de lanzamiento: 15 de febrero<br \/>\n\t\u2022\t\ud83d\udd17 El acceso se enviar\u00e1 por link una vez que el curso est\u00e9 disponible<\/p>\n<p>Este curso es ideal si buscas seguir profesionaliz\u00e1ndote, ampliar tus servicios y reforzar tus t\u00e9cnicas con contenido avanzado.avanzado est\u00e1 dise\u00f1ado para profesionales que ya cuentan con experiencia previa y han tomado un curso con nosotros, y desean ampliar sus conocimientos t\u00e9cnicos en perforaci\u00f3n de pez\u00f3n y ombligo.<\/p>\n<p>A lo largo del curso aprender\u00e1s los procedimientos correctos, criterios de seguridad y consideraciones clave para realizar estas perforaciones de manera responsable, precisa y profesional, fortaleciendo tu pr\u00e1ctica y tu confianza.<\/p>\n<p>\u00bfQu\u00e9 incluye este curso?<br \/>\n\t\u2022\tContenido especializado en perforaci\u00f3n de pez\u00f3n y ombligo<br \/>\n\t\u2022\tAcceso 100% virtual<br \/>\n\t\u2022\t2 meses de acceso al curso a partir de que recibes el link<br \/>\n\t\u2022\tPosibilidad de ver el contenido las veces que quieras durante ese periodo<\/p>\n<p>Informaci\u00f3n importante<br \/>\n\t\u2022\t\ud83d\udd12 Curso exclusivo para alumnos que ya tomaron un curso previo con nosotros<br \/>\n\t\u2022\t\ud83d\udcc5 Fecha de lanzamiento: 15 de febrero<br \/>\n\t\u2022\t\ud83d\udd17 El acceso se enviar\u00e1 por link una vez que el curso est\u00e9 disponible<\/p>\n<p>Este curso es ideal si buscas seguir profesionaliz\u00e1ndote, ampliar tus servicios y reforzar tus t\u00e9cnicas con contenido avanzado.<\/p>\n","protected":false},"featured_media":14951,"comment_status":"open","ping_status":"closed","template":"","meta":[],"product_brand":[],"product_cat":[15],"product_tag":[],"class_list":{"0":"post-14949","1":"product","2":"type-product","3":"status-publish","4":"has-post-thumbnail","6":"product_cat-uncategorized","7":"tm-has-options","9":"first","10":"instock","11":"virtual","12":"purchasable","13":"product-type-simple"},"_links":{"self":[{"href":"https:\/\/sancrisaccesorios.com.mx\/index.php\/wp-json\/wp\/v2\/product\/14949","targetHints":{"allow":["GET"]}}],"collection":[{"href":"https:\/\/sancrisaccesorios.com.mx\/index.php\/wp-json\/wp\/v2\/product"}],"about":[{"href":"https:\/\/sancrisaccesorios.com.mx\/index.php\/wp-json\/wp\/v2\/types\/product"}],"replies":[{"embeddable":true,"href":"https:\/\/sancrisaccesorios.com.mx\/index.php\/wp-json\/wp\/v2\/comments?post=14949"}],"wp:featuredmedia":[{"embeddable":true,"href":"https:\/\/sancrisaccesorios.com.mx\/index.php\/wp-json\/wp\/v2\/media\/14951"}],"wp:attachment":[{"href":"https:\/\/sancrisaccesorios.com.mx\/index.php\/wp-json\/wp\/v2\/media?parent=14949"}],"wp:term":[{"taxonomy":"product_brand","embeddable":true,"href":"https:\/\/sancrisaccesorios.com.mx\/index.php\/wp-json\/wp\/v2\/product_brand?post=14949"},{"taxonomy":"product_cat","embeddable":true,"href":"https:\/\/sancrisaccesorios.com.mx\/index.php\/wp-json\/wp\/v2\/product_cat?post=14949"},{"taxonomy":"product_tag","embeddable":true,"href":"https:\/\/sancrisaccesorios.com.mx\/index.php\/wp-json\/wp\/v2\/product_tag?post=14949"}],"curies":[{"name":"wp","href":"https:\/\/api.w.org\/{rel}","templated":true}]}}