{"id":14030,"date":"2025-03-19T19:18:40","date_gmt":"2025-03-19T19:18:40","guid":{"rendered":"https:\/\/sancrisaccesorios.com.mx\/?post_type=product&#038;p=14030"},"modified":"2025-03-19T19:19:53","modified_gmt":"2025-03-19T19:19:53","slug":"neilmed-after-pierncing-de-177ml","status":"publish","type":"product","link":"https:\/\/sancrisaccesorios.com.mx\/index.php\/product\/neilmed-after-pierncing-de-177ml\/","title":{"rendered":"NeilMed After Pierncing de 177ml"},"content":{"rendered":"<p>La mejor manera de cuidar tus perforaciones es NeilMed After Piercing, soluci\u00f3n salina est\u00e9ril. Soluci\u00f3n Isot\u00f3nica, libre de f\u00e1rmacos, sin preservantes, no quema ni arde. 100% natural Elaborado con agua grado USP y cloruro de sodio USP (nivel de pureza 99% o mayor).<\/p>\n<p>\u2705 F\u00e1cil de usar: Aplica directamente sin necesidad de enjuagar.<br \/>\n\u2705 100% seguro: Sin alcohol, sin ardor y recomendado por perforadores profesionales.<br \/>\n\u2705 Higiene garantizada: Sistema de pulverizaci\u00f3n que mantiene la soluci\u00f3n libre de contaminaci\u00f3n.<\/p>\n<p>Dale a tu piel el mejor cuidado y luce tu piercing siempre impecable. \u00a1Consigue el tuyo ahora! \u2728\ud83d\udc96<\/p>\n","protected":false},"excerpt":{"rendered":"<p>La mejor manera de cuidar tus perforaciones es NeilMed After Piercing, soluci\u00f3n salina est\u00e9ril. Soluci\u00f3n Isot\u00f3nica, libre de f\u00e1rmacos, sin preservantes, no quema ni arde. 100% natural Elaborado con agua grado USP y cloruro de sodio USP (nivel de pureza 99% o mayor). \u2705 F\u00e1cil de usar: Aplica directamente sin necesidad de enjuagar. \u2705 100% [&hellip;]<\/p>\n","protected":false},"featured_media":14028,"comment_status":"open","ping_status":"closed","template":"","meta":[],"product_brand":[],"product_cat":[26],"product_tag":[],"class_list":{"0":"post-14030","1":"product","2":"type-product","3":"status-publish","4":"has-post-thumbnail","6":"product_cat-piercings","7":"tm-has-options","9":"first","10":"instock","11":"shipping-taxable","12":"purchasable","13":"product-type-simple"},"_links":{"self":[{"href":"https:\/\/sancrisaccesorios.com.mx\/index.php\/wp-json\/wp\/v2\/product\/14030","targetHints":{"allow":["GET"]}}],"collection":[{"href":"https:\/\/sancrisaccesorios.com.mx\/index.php\/wp-json\/wp\/v2\/product"}],"about":[{"href":"https:\/\/sancrisaccesorios.com.mx\/index.php\/wp-json\/wp\/v2\/types\/product"}],"replies":[{"embeddable":true,"href":"https:\/\/sancrisaccesorios.com.mx\/index.php\/wp-json\/wp\/v2\/comments?post=14030"}],"wp:featuredmedia":[{"embeddable":true,"href":"https:\/\/sancrisaccesorios.com.mx\/index.php\/wp-json\/wp\/v2\/media\/14028"}],"wp:attachment":[{"href":"https:\/\/sancrisaccesorios.com.mx\/index.php\/wp-json\/wp\/v2\/media?parent=14030"}],"wp:term":[{"taxonomy":"product_brand","embeddable":true,"href":"https:\/\/sancrisaccesorios.com.mx\/index.php\/wp-json\/wp\/v2\/product_brand?post=14030"},{"taxonomy":"product_cat","embeddable":true,"href":"https:\/\/sancrisaccesorios.com.mx\/index.php\/wp-json\/wp\/v2\/product_cat?post=14030"},{"taxonomy":"product_tag","embeddable":true,"href":"https:\/\/sancrisaccesorios.com.mx\/index.php\/wp-json\/wp\/v2\/product_tag?post=14030"}],"curies":[{"name":"wp","href":"https:\/\/api.w.org\/{rel}","templated":true}]}}