{"id":13630,"date":"2024-11-21T19:35:52","date_gmt":"2024-11-21T19:35:52","guid":{"rendered":"https:\/\/sancrisaccesorios.com.mx\/?post_type=product&#038;p=13630"},"modified":"2024-11-21T19:36:53","modified_gmt":"2024-11-21T19:36:53","slug":"mariposa-simple","status":"publish","type":"product","link":"https:\/\/sancrisaccesorios.com.mx\/index.php\/product\/mariposa-simple\/","title":{"rendered":"Mariposa simple"},"content":{"rendered":"<p>Piercing acero quir\u00fargico con zirconias, calibre 16g. Para perforaciones de l\u00f3bulos, h\u00e9lix, flat, conch, anti h\u00e9lix y tragus<\/p>\n","protected":false},"excerpt":{"rendered":"<p>Piercing acero quir\u00fargico con zirconias, calibre 16g. Para perforaciones de l\u00f3bulos, h\u00e9lix, flat, conch, anti h\u00e9lix y tragus<\/p>\n","protected":false},"featured_media":13603,"comment_status":"open","ping_status":"closed","template":"","meta":[],"product_brand":[],"product_cat":[113,26],"product_tag":[],"class_list":{"0":"post-13630","1":"product","2":"type-product","3":"status-publish","4":"has-post-thumbnail","6":"product_cat-body-piercings","7":"product_cat-piercings","8":"tm-has-options","10":"first","11":"instock","12":"shipping-taxable","13":"purchasable","14":"product-type-simple"},"_links":{"self":[{"href":"https:\/\/sancrisaccesorios.com.mx\/index.php\/wp-json\/wp\/v2\/product\/13630","targetHints":{"allow":["GET"]}}],"collection":[{"href":"https:\/\/sancrisaccesorios.com.mx\/index.php\/wp-json\/wp\/v2\/product"}],"about":[{"href":"https:\/\/sancrisaccesorios.com.mx\/index.php\/wp-json\/wp\/v2\/types\/product"}],"replies":[{"embeddable":true,"href":"https:\/\/sancrisaccesorios.com.mx\/index.php\/wp-json\/wp\/v2\/comments?post=13630"}],"wp:featuredmedia":[{"embeddable":true,"href":"https:\/\/sancrisaccesorios.com.mx\/index.php\/wp-json\/wp\/v2\/media\/13603"}],"wp:attachment":[{"href":"https:\/\/sancrisaccesorios.com.mx\/index.php\/wp-json\/wp\/v2\/media?parent=13630"}],"wp:term":[{"taxonomy":"product_brand","embeddable":true,"href":"https:\/\/sancrisaccesorios.com.mx\/index.php\/wp-json\/wp\/v2\/product_brand?post=13630"},{"taxonomy":"product_cat","embeddable":true,"href":"https:\/\/sancrisaccesorios.com.mx\/index.php\/wp-json\/wp\/v2\/product_cat?post=13630"},{"taxonomy":"product_tag","embeddable":true,"href":"https:\/\/sancrisaccesorios.com.mx\/index.php\/wp-json\/wp\/v2\/product_tag?post=13630"}],"curies":[{"name":"wp","href":"https:\/\/api.w.org\/{rel}","templated":true}]}}