{"id":13013,"date":"2024-04-25T00:18:54","date_gmt":"2024-04-25T00:18:54","guid":{"rendered":"https:\/\/sancrisaccesorios.com.mx\/?post_type=product&#038;p=13013"},"modified":"2024-04-25T18:01:46","modified_gmt":"2024-04-25T18:01:46","slug":"aria","status":"publish","type":"product","link":"https:\/\/sancrisaccesorios.com.mx\/index.php\/product\/aria\/","title":{"rendered":"Aria"},"content":{"rendered":"<p>Gargantilla con dijes colgantes de abul\u00f3n natural, con ba\u00f1o de oro de 18kt. Medida 38cm con extensi\u00f3n de 4cm<\/p>\n","protected":false},"excerpt":{"rendered":"<p>Gargantilla con dijes colgantes de abul\u00f3n natural, con ba\u00f1o de oro de 18kt. Medida 38cm con extensi\u00f3n de 4cm<\/p>\n","protected":false},"featured_media":13003,"comment_status":"open","ping_status":"closed","template":"","meta":[],"product_brand":[],"product_cat":[36,114],"product_tag":[],"class_list":{"0":"post-13013","1":"product","2":"type-product","3":"status-publish","4":"has-post-thumbnail","6":"product_cat-chokers-collares","7":"product_cat-nuevo","8":"tm-has-options","10":"first","11":"instock","12":"shipping-taxable","13":"purchasable","14":"product-type-simple"},"_links":{"self":[{"href":"https:\/\/sancrisaccesorios.com.mx\/index.php\/wp-json\/wp\/v2\/product\/13013","targetHints":{"allow":["GET"]}}],"collection":[{"href":"https:\/\/sancrisaccesorios.com.mx\/index.php\/wp-json\/wp\/v2\/product"}],"about":[{"href":"https:\/\/sancrisaccesorios.com.mx\/index.php\/wp-json\/wp\/v2\/types\/product"}],"replies":[{"embeddable":true,"href":"https:\/\/sancrisaccesorios.com.mx\/index.php\/wp-json\/wp\/v2\/comments?post=13013"}],"wp:featuredmedia":[{"embeddable":true,"href":"https:\/\/sancrisaccesorios.com.mx\/index.php\/wp-json\/wp\/v2\/media\/13003"}],"wp:attachment":[{"href":"https:\/\/sancrisaccesorios.com.mx\/index.php\/wp-json\/wp\/v2\/media?parent=13013"}],"wp:term":[{"taxonomy":"product_brand","embeddable":true,"href":"https:\/\/sancrisaccesorios.com.mx\/index.php\/wp-json\/wp\/v2\/product_brand?post=13013"},{"taxonomy":"product_cat","embeddable":true,"href":"https:\/\/sancrisaccesorios.com.mx\/index.php\/wp-json\/wp\/v2\/product_cat?post=13013"},{"taxonomy":"product_tag","embeddable":true,"href":"https:\/\/sancrisaccesorios.com.mx\/index.php\/wp-json\/wp\/v2\/product_tag?post=13013"}],"curies":[{"name":"wp","href":"https:\/\/api.w.org\/{rel}","templated":true}]}}