{"id":4273,"date":"2022-11-15T21:05:28","date_gmt":"2022-11-15T21:05:28","guid":{"rendered":"https:\/\/sancrisaccesorios.com.mx\/?page_id=4273"},"modified":"2024-10-22T18:39:51","modified_gmt":"2024-10-22T18:39:51","slug":"politicas-de-devolucion","status":"publish","type":"page","link":"https:\/\/sancrisaccesorios.com.mx\/index.php\/politicas-de-devolucion\/","title":{"rendered":"Pol\u00edticas de devoluci\u00f3n"},"content":{"rendered":"\t\t<div data-elementor-type=\"wp-page\" data-elementor-id=\"4273\" class=\"elementor elementor-4273\" data-elementor-post-type=\"page\">\n\t\t\t\t\t\t<section class=\"elementor-section elementor-top-section elementor-element elementor-element-90f222d elementor-section-boxed elementor-section-height-default elementor-section-height-default\" data-id=\"90f222d\" data-element_type=\"section\" data-e-type=\"section\">\n\t\t\t\t\t\t<div class=\"elementor-container elementor-column-gap-default\">\n\t\t\t\t\t<div class=\"elementor-column elementor-col-100 elementor-top-column elementor-element elementor-element-a68285a\" data-id=\"a68285a\" data-element_type=\"column\" data-e-type=\"column\">\n\t\t\t<div class=\"elementor-widget-wrap elementor-element-populated\">\n\t\t\t\t\t\t<div class=\"elementor-element elementor-element-48f2a93 elementor-widget elementor-widget-heading\" data-id=\"48f2a93\" data-element_type=\"widget\" data-e-type=\"widget\" data-widget_type=\"heading.default\">\n\t\t\t\t<div class=\"elementor-widget-container\">\n\t\t\t\t\t<h2 class=\"elementor-heading-title elementor-size-default\">Pol\u00edticas de devoluci\u00f3n <\/h2>\t\t\t\t<\/div>\n\t\t\t\t<\/div>\n\t\t\t\t\t<\/div>\n\t\t<\/div>\n\t\t\t\t\t<\/div>\n\t\t<\/section>\n\t\t\t\t<section class=\"elementor-section elementor-top-section elementor-element elementor-element-43b14bf elementor-section-boxed elementor-section-height-default elementor-section-height-default\" data-id=\"43b14bf\" data-element_type=\"section\" data-e-type=\"section\">\n\t\t\t\t\t\t<div class=\"elementor-container elementor-column-gap-default\">\n\t\t\t\t\t<div class=\"elementor-column elementor-col-100 elementor-top-column elementor-element elementor-element-237330e\" data-id=\"237330e\" data-element_type=\"column\" data-e-type=\"column\">\n\t\t\t<div class=\"elementor-widget-wrap elementor-element-populated\">\n\t\t\t\t\t\t<div class=\"elementor-element elementor-element-65ab4e7 elementor-widget elementor-widget-heading\" data-id=\"65ab4e7\" data-element_type=\"widget\" data-e-type=\"widget\" data-widget_type=\"heading.default\">\n\t\t\t\t<div class=\"elementor-widget-container\">\n\t\t\t\t\t<h2 class=\"elementor-heading-title elementor-size-default\">Si deseas devolver o cambiar tu pedido, \u00a1estamos aqu\u00ed para ayudarte! Ofrecemos cambios o devoluciones dentro de los 7 d\u00edas posteriores a la recepci\u00f3n de tu pedido. Puedes devolver tu producto y obtener un cr\u00e9dito en la tienda, un producto diferente o un reembolso del m\u00e9todo de pago original. \nLos motivos por los cuales puedes hacer una devoluci\u00f3n o un cambio son los siguientes:\n<br>\n\u25cf\tLos art\u00edculos que recibiste son distintos a los que pediste<br>\n\u25cf\tTu paquete tard\u00f3 m\u00e1s de lo esperado en llegar<br>\n\u25cf\tTu paquete lleg\u00f3 incompleto<br>\n\u25cf\tLos art\u00edculos que recibiste llegaron con da\u00f1o<br>\nTen en cuenta las siguientes excepciones en nuestra pol\u00edtica de cambio y devoluci\u00f3n: <br>A continuaci\u00f3n algunos ejemplos:<br>\n\u25cf\tLos art\u00edculos con descuento se consideran ventas sin devoluci\u00f3n y no pueden ser devueltos ni cambiados<br>\n\u25cf\tLos art\u00edculos devueltos deben tener las etiquetas pegadas y deben devolverse en su embalaje original<br>\n\u25cf\tLos art\u00edculos devueltos no deben tener signos visibles de uso o desgaste.\nPara iniciar un cambio o devoluci\u00f3n, completa los siguientes pasos:<br>\n1.\tManda un mensaje por correo a atencionaclientes@gmail.com con el asunto \u201cdevoluci\u00f3n\u201d explicando a detalle tu caso.<br>\n2.\tEspera la respuesta que llegar\u00e1 en m\u00e1ximo 3 d\u00edas h\u00e1biles.<br>\n3.\tEn caso de ser afirmativa nuestra respuesta sigue las instrucciones que te daremos en esa misma respuesta.\nEn caso de reembolsos estos se ver\u00e1n reflejados dentro de los pr\u00f3ximos 30 d\u00edas h\u00e1biles de haber dado respuesta afirmativa\nEn caso de cr\u00e9dito en nuestra tienda online te daremos un c\u00f3digo para hacerlo valido al finalizar tu compra mismo que recibir\u00e1s m\u00e1ximo 3 d\u00edas h\u00e1biles despu\u00e9s de haber dado respuesta afirmativa \n<\/h2>\t\t\t\t<\/div>\n\t\t\t\t<\/div>\n\t\t\t\t\t<\/div>\n\t\t<\/div>\n\t\t\t\t\t<\/div>\n\t\t<\/section>\n\t\t\t\t<\/div>\n\t\t","protected":false},"excerpt":{"rendered":"<p>Pol\u00edticas de devoluci\u00f3n Si deseas devolver o cambiar tu pedido, \u00a1estamos aqu\u00ed para ayudarte! Ofrecemos cambios o devoluciones dentro de los 7 d\u00edas posteriores a la recepci\u00f3n de tu pedido. Puedes devolver tu producto y obtener un cr\u00e9dito en la tienda, un producto diferente o un reembolso del m\u00e9todo de pago original. Los motivos por [&hellip;]<\/p>\n","protected":false},"author":1,"featured_media":0,"parent":0,"menu_order":0,"comment_status":"closed","ping_status":"closed","template":"elementor_header_footer","meta":{"footnotes":""},"class_list":["post-4273","page","type-page","status-publish","hentry"],"_links":{"self":[{"href":"https:\/\/sancrisaccesorios.com.mx\/index.php\/wp-json\/wp\/v2\/pages\/4273","targetHints":{"allow":["GET"]}}],"collection":[{"href":"https:\/\/sancrisaccesorios.com.mx\/index.php\/wp-json\/wp\/v2\/pages"}],"about":[{"href":"https:\/\/sancrisaccesorios.com.mx\/index.php\/wp-json\/wp\/v2\/types\/page"}],"author":[{"embeddable":true,"href":"https:\/\/sancrisaccesorios.com.mx\/index.php\/wp-json\/wp\/v2\/users\/1"}],"replies":[{"embeddable":true,"href":"https:\/\/sancrisaccesorios.com.mx\/index.php\/wp-json\/wp\/v2\/comments?post=4273"}],"version-history":[{"count":10,"href":"https:\/\/sancrisaccesorios.com.mx\/index.php\/wp-json\/wp\/v2\/pages\/4273\/revisions"}],"predecessor-version":[{"id":13485,"href":"https:\/\/sancrisaccesorios.com.mx\/index.php\/wp-json\/wp\/v2\/pages\/4273\/revisions\/13485"}],"wp:attachment":[{"href":"https:\/\/sancrisaccesorios.com.mx\/index.php\/wp-json\/wp\/v2\/media?parent=4273"}],"curies":[{"name":"wp","href":"https:\/\/api.w.org\/{rel}","templated":true}]}}