{"id":4271,"date":"2022-11-15T21:04:56","date_gmt":"2022-11-15T21:04:56","guid":{"rendered":"https:\/\/sancrisaccesorios.com.mx\/?page_id=4271"},"modified":"2023-02-26T12:05:03","modified_gmt":"2023-02-26T12:05:03","slug":"aviso-de-privacidad","status":"publish","type":"page","link":"https:\/\/sancrisaccesorios.com.mx\/index.php\/aviso-de-privacidad\/","title":{"rendered":"Aviso de privacidad"},"content":{"rendered":"\t\t<div data-elementor-type=\"wp-page\" data-elementor-id=\"4271\" class=\"elementor elementor-4271\" data-elementor-post-type=\"page\">\n\t\t\t\t\t\t<section class=\"elementor-section elementor-top-section elementor-element elementor-element-028d919 elementor-section-boxed elementor-section-height-default elementor-section-height-default\" data-id=\"028d919\" data-element_type=\"section\" data-e-type=\"section\">\n\t\t\t\t\t\t<div class=\"elementor-container elementor-column-gap-default\">\n\t\t\t\t\t<div class=\"elementor-column elementor-col-100 elementor-top-column elementor-element elementor-element-ce166fe\" data-id=\"ce166fe\" data-element_type=\"column\" data-e-type=\"column\">\n\t\t\t<div class=\"elementor-widget-wrap elementor-element-populated\">\n\t\t\t\t\t\t<div class=\"elementor-element elementor-element-9cf0eaa elementor-widget elementor-widget-heading\" data-id=\"9cf0eaa\" data-element_type=\"widget\" data-e-type=\"widget\" data-widget_type=\"heading.default\">\n\t\t\t\t<div class=\"elementor-widget-container\">\n\t\t\t\t\t<h2 class=\"elementor-heading-title elementor-size-default\">Aviso de privacidad<\/h2>\t\t\t\t<\/div>\n\t\t\t\t<\/div>\n\t\t\t\t\t<\/div>\n\t\t<\/div>\n\t\t\t\t\t<\/div>\n\t\t<\/section>\n\t\t\t\t<section class=\"elementor-section elementor-top-section elementor-element elementor-element-e4be1d0 elementor-section-boxed elementor-section-height-default elementor-section-height-default\" data-id=\"e4be1d0\" data-element_type=\"section\" data-e-type=\"section\">\n\t\t\t\t\t\t<div class=\"elementor-container elementor-column-gap-default\">\n\t\t\t\t\t<div class=\"elementor-column elementor-col-100 elementor-top-column elementor-element elementor-element-7070e65\" data-id=\"7070e65\" data-element_type=\"column\" data-e-type=\"column\">\n\t\t\t<div class=\"elementor-widget-wrap elementor-element-populated\">\n\t\t\t\t\t\t<div class=\"elementor-element elementor-element-facc52d elementor-widget elementor-widget-heading\" data-id=\"facc52d\" data-element_type=\"widget\" data-e-type=\"widget\" data-widget_type=\"heading.default\">\n\t\t\t\t<div class=\"elementor-widget-container\">\n\t\t\t\t\t<h2 class=\"elementor-heading-title elementor-size-default\">En cumplimiento de lo dispuesto por la Ley Federal de Protecci\u00f3n de Datos Personales en Posesi\u00f3n de los Particulares (en lo sucesivo la \u201cLey\u201d), el Reglamento de la Ley Federal de Protecci\u00f3n de Datos Personales en Posesi\u00f3n de los Particulares (en delante el \u201cReglamento\u201d) y los Lineamientos del Aviso de Privacidad publicado en el Diario Oficial de la Federaci\u00f3n el d\u00eda 17 de enero de 2013 (en lo sucesivo los \u201cLineamientos\u201d) y dem\u00e1s disposiciones aplicables, Suministros Para Paquetes, S.A. de C.V. (en lo sucesivo \u201cPARA PAQUETES\u201d) desea hacer del conocimiento del usuario de los dominios o sitios web www.sancrisaccesorios.com.mx (en lo sucesivo el \u201cUsuario\u201d) y para las personas que contraten los servicios de Sancris Accesorios (consiguientemente referidos como \u201cClientes\u201d), su Aviso de Privacidad respecto del tratamiento y protecci\u00f3n de los datos de car\u00e1cter personal de aquellas personas que voluntariamente se comunican, de forma enunciativa m\u00e1s no limitativa, a trav\u00e9s de correo electr\u00f3nico, telef\u00f3nicamente o cualquier otro medio electr\u00f3nico,  oral o escrito con Sancris Accesorios, llenan formularios en que se recaben datos personales o que ingresen y\/o al sitio web aqu\u00ed mencionado, si es que esto implica la comunicaci\u00f3n de tus datos personales.  \nSancris Accesorios se\u00f1ala como domicilio el ubicado en Colonias 221 int 6 Guadalajara Jalisco M\u00e9xico con telefono 3319568732\nConforme el art\u00edculo 3 (tres) de la Ley Federal de Protecci\u00f3n de Datos Personales en Posesi\u00f3n de los Particulares, se entender\u00e1 por:<br>\n1.\tAviso de privacidad: Documento f\u00edsico, electr\u00f3nico o en cualquier otro formato generado por el responsable que es puesto a disposici\u00f3n del titular, previo al tratamiento de tus datos personales, de conformidad con el art\u00edculo 15 (quince) de la presente ley.<br>\n2.\tBases de datos: El conjunto ordenado de datos personales referentes a una persona identificada o identificable.<br>\n3.\tBloqueo: La identificaci\u00f3n y conservaci\u00f3n de datos personales una vez cumplida la finalidad para la cual fueron recabados, con el \u00fanico prop\u00f3sito de determinar posibles responsabilidades en relaci\u00f3n con su tratamiento, hasta el plazo de prescripci\u00f3n legal o contractual de \u00e9stas. Durante dicho periodo, los datos personales no podr\u00e1n ser objeto de tratamiento y transcurrido \u00e9ste, se proceder\u00e1 a su cancelaci\u00f3n en la base de datos que corresponde.<br>\n4.\tConsentimiento: Manifestaci\u00f3n de la voluntad del titular de los datos mediante la cual se efectuar\u00e1 el tratamiento de los mismos.<br>\n5.\tDatos personales: Cualquier informaci\u00f3n concerniente a una persona f\u00edsica identificada o identificable.<br>\n6.\tDatos personales sensibles: Aquellos datos personales que afecten a la esfera m\u00e1s \u00edntima de su titular, o cuya utilizaci\u00f3n indebida pueda dar origen a discriminaci\u00f3n o conlleve un riesgo grave para \u00e9ste. En particular, se consideran sensibles aquellos que puedan revelar aspectos como origen racial o \u00e9tnico, estado de salud presente y futuro, informaci\u00f3n gen\u00e9tica, creencias religiosas, filos\u00f3ficas y morales, afiliaci\u00f3n sindical, opiniones pol\u00edticas, preferencia sexual.<br>\n7.\tD\u00edas: D\u00edas h\u00e1biles.<br>\n8.\tDisociaci\u00f3n: El procedimiento mediante el cual los datos personales no pueden asociarse al titular ni permitir, por su estructura, contenido o grado de desagregaci\u00f3n, la identificaci\u00f3n del mismo. \n9.\tEncargado: la persona f\u00edsica o jur\u00eddica que sola o conjuntamente con otras trate datos personales por cuenta del responsable.<br>\n10.\tFuente de acceso p\u00fablico: Aquellas bases de datos cuya consulta puede ser realizada por cualquier persona, sin m\u00e1s requisito que, en su caso, el pago de una contraprestaci\u00f3n, de conformidad con lo se\u00f1alado por el reglamento de esta ley.<br>\n11.\tInstituto: Instituto Federal de Acceso a la Informaci\u00f3n y Protecci\u00f3n de Datos, a que hace referencia la Ley Federal de Transparencia y Acceso a la Informaci\u00f3n P\u00fablica Gubernamental.<br>\n12.\tLey: Ley Federal de Protecci\u00f3n de Datos Personales en Posesi\u00f3n de los Particulares.<br>\n13.\tReglamento: El Reglamento de la Ley Federal de Protecci\u00f3n de Datos Personales en Posesi\u00f3n de los Particulares.<br>\n14.\tResponsable: Persona f\u00edsica o moral de car\u00e1cter privado que decide sobre el tratamiento de datos personales.<br>\n15.\tSecretar\u00eda: Secretar\u00eda de Econom\u00eda.<br>\n16.\tTercero: La persona f\u00edsica o moral, nacional o extranjera, distinta del titular o del responsable de los datos.<br>\n17.\tTitular: La persona f\u00edsica o quien corresponden los datos personales.<br>\n18.\tTratamiento: La obtenci\u00f3n, uso, divulgaci\u00f3n o almacenamiento de datos personales por cualquier medio. El uso abarca cualquier acci\u00f3n de acceso, manejo, aprovechamiento, transferencia o disposici\u00f3n de datos personales.<br>\n19.\tTransferencia: Toda comunicaci\u00f3n de datos realizada a persona distinta del responsable o encargado del tratamiento.\nPara todos los efectos relacionados con el presente Aviso de Privacidad, Sancris Accesorios pone a disposici\u00f3n del Usuario el presente Aviso de Privacidad, bajo los siguientes t\u00e9rminos: <br>\nI. FINALIDAD DEL TRATAMIENTO DE SUS DATOS PERSONALES. - La informaci\u00f3n personal que proporcione el Usuario ser\u00e1 utilizada \u00fanicamente para: <br>\n\u25cf\tActividades de administraci\u00f3n interna de los clientes. <br>\n\u25cf\tPara formar el expediente del cliente.<br> \n\u25cf\tCon fines de identificaci\u00f3n para el servicio que se presta<br>\n\u25cf\tPara usarse como direcci\u00f3n de origen y\/o destino de los servicios de paqueter\u00eda contratados por medio del sitio web de PARA PAQUETES. Estos datos son indispensables para el control interno y para prestaci\u00f3n de los servicios.   <br>\n\u25cf\tProveer los servicios solicitados.<br>\n\u25cf\tComunicarle sobre cambios en los mismos.<br>\n\u25cf\tAtender quejas, sugerencias y solicitudes derivadas de los servicios contratados.<br>\n\u25cf\tVerificar la existencia de cobertura en su domicilio.<br>\n\u25cf\tFacturaci\u00f3n y cobranza de los servicios contratados.<br>\n\u25cf\tEvaluar la calidad del servicio que brindamos, para dar cumplimiento a las obligaciones que hemos contra\u00eddo con usted.<br>\n\u25cf\tContactarle a usted y a tus contactos y\/o referencias para dar seguimiento a cualquier tema relacionado con los servicios o con las presentes finalidades.\nAsimismo, tus datos personales podr\u00e1n ser\u00e1n utilizados para las siguientes actividades secundarias: <br>\n\u25cf\tPara fines mercadot\u00e9cnicos. <br>\n\u25cf\tFines publicitarios; y\/o <br>\n\u25cf\tProspecci\u00f3n comercial, lo anterior con el prop\u00f3sito de ofrecerle diversos servicios que prestan terceros.<br>\n\u25cf\tNotificarle sobre nuevos servicios o productos que tengan relaci\u00f3n con los ya contratados o adquiridos.<br>\n\u25cf\tRealizar estudios sobre h\u00e1bitos de consumo y de mercado.<br>\nSi usted no est\u00e1 de acuerdo con las finalidades secundarias, podr\u00e1 manifestar su negativa siguiendo el mecanismo previsto en el numeral \u201cVII\u201d del presente Aviso de Privacidad. Es preciso se\u00f1alar que, en caso de actualizarse el supuesto antes se\u00f1alado, Sancris Accesorios no le podr\u00e1 brindar los servicios que presta de forma correcta y \u00e9sta no ser\u00e1 responsable por tal situaci\u00f3n. \nII. DATOS PERSONALES SOLICITADOS. Para efectos del presente Aviso de Privacidad se entender\u00e1 por dato de car\u00e1cter personal, cualquier informaci\u00f3n que se recabe concerniente a personas f\u00edsicas o morales identificadas o identificables; y por Usuario, a cualquier persona f\u00edsica o moral identificada o identificable que comunique tus datos de car\u00e1cter personal a trav\u00e9s del sitio web aqu\u00ed mencionados que de manera enunciativa m\u00e1s no limitativa pudiera ser a trav\u00e9s de:<br>\n\u25cf\tCorreo electr\u00f3nico.<br>\n\u25cf\tLlenado de formularios por los que se recaban datos personales en la p\u00e1gina web<br>. \n\u25cf\tDe manera personal al acudir a la empresa. <br>\n\u25cf\tCreaci\u00f3n de cuenta de Usuario en el sitio web de PARA PAQUETES, y<br>\n\u25cf\tEn general el uso de cualquier servicio presente del sitio web que impliquen la comunicaci\u00f3n de tus datos personales. \nLos datos personales que recabar\u00e1 PARA PAQUETES del Usuario y de tus Clientes son: <br>\n\u25cf\tNombre y apellido del remitente.<br>\n\u25cf\tDirecci\u00f3n completa del remitente.<br>\n\u25cf\tCorreo electr\u00f3nico del remitente.<br>\n\u25cf\tNombre y apellidos del destinatario.<br>\n\u25cf\tDirecci\u00f3n completa del destinatario.<br>\n\u25cf\tCorreo electr\u00f3nico del destinatario.<br>\nIII. SOBRE REDES SOCIALES. PARA PAQUETES<br> hace del conocimiento del Usuario que est\u00e1 presente en redes sociales, como Facebook, Instagram, Twitter, sin limitar. El tratamiento de los datos del Usuario que se hagan seguidores de las p\u00e1ginas oficiales de Sancris Accesorios se regir\u00e1 por las condiciones previstas en los t\u00e9rminos y condiciones de la red social que corresponda en virtud de que cualquier dato que la red social requiera sea recabado es responsabilidad de \u00e9sta y no de Sancris Accesorios por lo que se recomienda el acceso a la pol\u00edtica de privacidad y condiciones de uso de las mencionadas p\u00e1ginas o en su caso, de la propia red social, con el fin de conocer la informaci\u00f3n derivada del tratamiento de los datos de car\u00e1cter personal y especialmente las condiciones y finalidades a las que ser\u00e1n destinados los datos que forman parte del perfil del Usuario. \nIV. RESGUARDO DE DATOS PERSONALES. Los datos personales del Usuario ser\u00e1n resguardados en base a los principios de licitud, consentimiento, informaci\u00f3n, calidad, finalidad, lealtad, proporcionalidad y responsabilidad, mismos que se encuentran consagrados en la Ley. \nV. TRANSFERENCIA DE DATOS.  PARA PAQUETES no podr\u00e1 transferir la informaci\u00f3n personal recabada, salvo cuando: a) sea solicitada por dependencias gubernamentales, b) sea solicitada por instituciones bancarias o de cr\u00e9dito, para la realizaci\u00f3n de pagos y transferencias, y c) cuando sea requiera para ejecutar los servicios contratados o a menos que usted haya dado su consentimiento expl\u00edcito. Por ejemplo, si solicita la adquisici\u00f3n de servicios y\/o productos por parte de terceros a trav\u00e9s del sitio web de Sancris Accerorios en los que sea necesario transferir los datos personales, en cuyo caso el Usuario y\/o Cliente deber\u00e1 consultar directamente con el tercero su aviso de privacidad. <br>\nVI. CAMBIOS O MODIFICACIONES AL AVISO. PARA PAQUETES se reserva el derecho de modificar el presente Aviso por lo que hace de su conocimiento que cualquier cambio o modificaci\u00f3n al contenido del presente ser\u00e1 publicado, de manera generalizada en el sitio web www.sancrisaccesorios.com.mx y\/o por env\u00edo de correo electr\u00f3nico a los titulares de los datos personales. <br>\nVII. MEDIOS Y PROCEDIMIENTO PARA EJERCER DERECHOS ARCO Y\/O REVOCACI\u00d3N DE CONSENTIMIENTO PARA EL TRATAMIENTO DE DATOS PERSONALES:  De conformidad con lo dispuesto en la Ley en su art\u00edculo 6 (sexto), el Usuario podr\u00e1 acceder, rectificar y cancelar tus datos personales as\u00ed como oponerse a la divulgaci\u00f3n de los mismos a trav\u00e9s de los procedimientos que PARA PAQUETES ha implementado a trav\u00e9s de su \u00c1rea de Soporte. <br>El Usuario y\/o Cliente podr\u00e1 solicitar el formato para acceder, rectificar, cancelar y oponerse a la divulgaci\u00f3n de los mismos. Asimismo, tendr\u00e1 un plazo de 5 (cinco) d\u00edas para manifestar su negativa al tratamiento de tus datos personales para actividades secundarias. Para m\u00e1s informaci\u00f3n sobre como ejercer tus Derechos de Acceso, Rectificaci\u00f3n, Cancelaci\u00f3n y Oposici\u00f3n (Derechos ARCO), oponerse a la divulgaci\u00f3n de tus datos, revocar su consentimiento o manifestar negativa al tratamiento de los mismos, deber\u00e1 ponerse en contacto mediante el env\u00edo de un correo electr\u00f3nico a atencionaclientes@sancrisaccesorios.com.mx  \nEn los anteriores casos se deber\u00e1 indicar lo siguiente conforme el art\u00edculo 29 (veintinueve) de la Ley en cuesti\u00f3n: \nEl nombre del titular y domicilio u otro medio para comunicarle la respuesta a su solicitud:<br>\n\u25cf\tLos documentos que acrediten la identidad o, en su caso, la representaci\u00f3n legal del titular;<br>\n\u25cf\tLa descripci\u00f3n clara y precisa de los datos personales respecto de los que se busca ejercer alguno de los derechos antes mencionados; y,<br>\n\u25cf\tCualquier otro elemento o documento que facilite la localizaci\u00f3n de los datos personales.<br>\nPara esto, deber\u00e1 acreditar su personalidad con la que sustenta la titularidad de la cual deber\u00e1 presentar adem\u00e1s la identificaci\u00f3n oficial en digital (legible).\nEn caso de que la informaci\u00f3n proporcionada en el formulario sea err\u00f3neo o insuficiente, o bien, no se acompa\u00f1en los documentos de acreditaci\u00f3n correspondientes. Sancris Accesorios, dentro de los 10 (diez) d\u00edas siguientes h\u00e1biles a la recepci\u00f3n de la solicitud, podr\u00e1 requerirle que aporte los elementos o documentos necesarios para dar tr\u00e1mite a la misma. Usted contar\u00e1 con 10 (diez) d\u00faas h\u00e1biles para atender el requerimiento, contados a partir del d\u00eda siguiente en que lo haya recibido. De no dar respuesta en dicho plazo, se tendr\u00e1 por no presentada la solicitud correspondiente.\nSancris Accesorios le comunicar\u00e1 la determinaci\u00f3n adoptada en un plazo m\u00e1ximo de 20 (veinte) d\u00edas h\u00e1biles contados desde la fecha en que se recibi\u00f3 la solicitud, a efecto de que, si resulta procedente, haga efectiva la misma dentro de los 15 (quince) d\u00edas h\u00e1biles siguientes a que se comunique la respuesta. La respuesta se dar\u00e1 v\u00eda electr\u00f3nica a la direcci\u00f3n de correo electr\u00f3nico que se especifique en el formulario.\nVIII. TRATAMIENTO DE DATOS SIN CONSENTIMIENTO. No ser\u00e1 necesario el consentimiento para el tratamiento de los datos personales conforme el art\u00edculo 10 (d\u00e9cimo) de la ley, en los siguientes casos:<br>\n\u25cf\tEst\u00e9 previsto en una ley.<br>\n\u25cf\tLos datos figuren en fuentes de acceso p\u00fablico.<br>\n\u25cf\tLos datos personales se sometan a un procedimiento previo de disociaci\u00f3n.<br>\n\u25cf\tTenga el prop\u00f3sito de cumplir obligaciones derivadas de una relaci\u00f3n jur\u00eddica entre el titular y el responsable. <br>\n\u25cf\tExista una situaci\u00f3n de emergencia que potencialmente pueda da\u00f1ar a un individuo en su persona o en tus bienes.<br>\n\u25cf\tSean indispensables para la atenci\u00f3n m\u00e9dica, la prevenci\u00f3n, diagn\u00f3stico, la prestaci\u00f3n de asistencia sanitaria, tratamientos m\u00e9dicos o la gesti\u00f3n de servicios sanitarios, mientras el titular no est\u00e9 en condiciones de otorgar el consentimiento, en los t\u00e9rminos que establece la ley general de salud y dem\u00e1s disposiciones jur\u00eddicas aplicables y que dicho tratamiento de datos se realice por una persona sujeta al secreto profesional u obligaci\u00f3n equivalente, o;<br>\n\u25cf\tSe dicte resoluci\u00f3n de autoridad competente.<br>\nIX. OPCIONES Y MEDIOS PARA LIMITAR EL USO O DIVULGACI\u00d3N DE SUS DATOS PERSONALES.<br>\nUsted podr\u00e1 limitar el uso o divulgaci\u00f3n de tus datos personales enviando su solicitud al correo electr\u00f3nico atencionaclientes@sancrisaccesorios.com.mx\nLos requisitos para acreditar su identidad, as\u00ed como el procedimiento para atender su solicitud se regir\u00e1n por los mismos criterios se\u00f1alados en el apartado anterior.\nEn caso de que su solicitud resulte procedente, www.sancrisaccesorios.com.mx lo registrar\u00e1 en el listado de exclusi\u00f3n propio de Sancris Accesorios con el objeto de que usted deje de recibir nuestras promociones. Las notificaciones relativas a los cambios en los costos o servicios no son consideradas en los listados de exclusi\u00f3n por ser una obligaci\u00f3n de Sancris Accesorios ante la Procuradur\u00eda Federal del Consumidor.\nX. USO DE COOKIES \nSancris Accesorios utiliza varias tecnolog\u00edas para mejorar la eficiencia de tus sitios web, incluyendo su experiencia cuando navega por dichos sitios. Entre estas tecnolog\u00edas se incluye el uso de cookies. Las cookies son peque\u00f1as cantidades de informaci\u00f3n que se almacenan en el navegador utilizado por cada usuario para que el servidor recuerde cierta informaci\u00f3n que posteriormente pueda utilizar. Esta informaci\u00f3n permite identificarle y guardar tus preferencias personales para brindarle una mejor experiencia de navegaci\u00f3n. Le recordamos que usted puede deshabilitar o ajustar el uso de cookies siguiendo los procedimientos del navegador de internet que utiliza.<br>\nXI. MEDIO PARA COMUNICAR CAMBIOS AL AVISO DE PRIVACIDAD <br>\nSancris Accesorios se reserva el derecho, bajo su exclusiva discreci\u00f3n, de cambiar, modificar, agregar o eliminar partes del presente Aviso de Privacidad en cualquier momento. En tal caso, Sancris Accesorios publicar\u00e1 dichas modificaciones en el sitio web www.sancrisaccesorios.com.mx en donde se indicar\u00e1 la fecha de \u00faltima versi\u00f3n del aviso. Le recomendamos visitar peri\u00f3dicamente esta p\u00e1gina con la finalidad de informarse si ocurre alg\u00fan cambio al presente.<br>\nACTUALIZADO AL 11 DE NOVIEMBRE DEL 2022\n<\/h2>\t\t\t\t<\/div>\n\t\t\t\t<\/div>\n\t\t\t\t\t<\/div>\n\t\t<\/div>\n\t\t\t\t\t<\/div>\n\t\t<\/section>\n\t\t\t\t<\/div>\n\t\t","protected":false},"excerpt":{"rendered":"<p>Aviso de privacidad En cumplimiento de lo dispuesto por la Ley Federal de Protecci\u00f3n de Datos Personales en Posesi\u00f3n de los Particulares (en lo sucesivo la \u201cLey\u201d), el Reglamento de la Ley Federal de Protecci\u00f3n de Datos Personales en Posesi\u00f3n de los Particulares (en delante el \u201cReglamento\u201d) y los Lineamientos del Aviso de Privacidad publicado [&hellip;]<\/p>\n","protected":false},"author":1,"featured_media":0,"parent":0,"menu_order":0,"comment_status":"closed","ping_status":"closed","template":"elementor_header_footer","meta":{"footnotes":""},"class_list":["post-4271","page","type-page","status-publish","hentry"],"_links":{"self":[{"href":"https:\/\/sancrisaccesorios.com.mx\/index.php\/wp-json\/wp\/v2\/pages\/4271","targetHints":{"allow":["GET"]}}],"collection":[{"href":"https:\/\/sancrisaccesorios.com.mx\/index.php\/wp-json\/wp\/v2\/pages"}],"about":[{"href":"https:\/\/sancrisaccesorios.com.mx\/index.php\/wp-json\/wp\/v2\/types\/page"}],"author":[{"embeddable":true,"href":"https:\/\/sancrisaccesorios.com.mx\/index.php\/wp-json\/wp\/v2\/users\/1"}],"replies":[{"embeddable":true,"href":"https:\/\/sancrisaccesorios.com.mx\/index.php\/wp-json\/wp\/v2\/comments?post=4271"}],"version-history":[{"count":17,"href":"https:\/\/sancrisaccesorios.com.mx\/index.php\/wp-json\/wp\/v2\/pages\/4271\/revisions"}],"predecessor-version":[{"id":5090,"href":"https:\/\/sancrisaccesorios.com.mx\/index.php\/wp-json\/wp\/v2\/pages\/4271\/revisions\/5090"}],"wp:attachment":[{"href":"https:\/\/sancrisaccesorios.com.mx\/index.php\/wp-json\/wp\/v2\/media?parent=4271"}],"curies":[{"name":"wp","href":"https:\/\/api.w.org\/{rel}","templated":true}]}}